{"id":94,"date":"2021-09-12T07:57:48","date_gmt":"2021-09-12T07:57:48","guid":{"rendered":"http:\/\/www.faiafinland.fi\/?page_id=94"},"modified":"2025-06-26T12:24:17","modified_gmt":"2025-06-26T12:24:17","slug":"liity-jaseneksi","status":"publish","type":"page","link":"https:\/\/www.faiafinland.fi\/fi\/liity-jaseneksi\/","title":{"rendered":"Liity j\u00e4seneksi"},"content":{"rendered":"<p><strong>Kiinnostuitko FAIAsta? Tule mukaan toimintaamme!<\/strong><\/p>\n<p>FAIAn j\u00e4seniksi ovat tervetulleita kaikki kansainv\u00e4lisiin suhteisiin liittyvist\u00e4 teemoista kiinnostuneet. FAIAn toimintaan on helppo tulla mukaan ja osallistua voi juuri niin aktiivisesti kuin haluaa.<\/p>\n<p>Voit liitty\u00e4 j\u00e4seneksi <a href=\"https:\/\/holvi.com\/shop\/faiary\/\" target=\"_blank\" rel=\"noopener noreferrer\">FAIAn verkkokaupassa.<\/a> J\u00e4senmaksu suoritetaan liittymisen yhteydess\u00e4. FAIAn j\u00e4senyyden hinta on 10\u20ac vuodessa ja v\u00e4h\u00e4varaisille 5\u20ac vuodessa. J\u00e4senmaksu k\u00e4ytet\u00e4\u00e4n lyhent\u00e4m\u00e4tt\u00f6m\u00e4n\u00e4 yhdistyksemme toimintaan. J\u00e4senyys on uusittava vuosittain.<\/p>\n<p style=\"text-align: left;\"><img loading=\"lazy\" decoding=\"async\" class=\"alignright wp-image-115\" style=\"font-size: 1.125rem;\" src=\"http:\/\/www.faiafinland.fi\/wp-content\/uploads\/2021\/09\/liity-faia_n-jc3a4seneksi-300x300.png\" alt=\"\" width=\"200\" height=\"200\" srcset=\"https:\/\/www.faiafinland.fi\/wp-content\/uploads\/2021\/09\/liity-faia_n-jc3a4seneksi-300x300.png 300w, https:\/\/www.faiafinland.fi\/wp-content\/uploads\/2021\/09\/liity-faia_n-jc3a4seneksi-1024x1024.png 1024w, https:\/\/www.faiafinland.fi\/wp-content\/uploads\/2021\/09\/liity-faia_n-jc3a4seneksi-150x150.png 150w, https:\/\/www.faiafinland.fi\/wp-content\/uploads\/2021\/09\/liity-faia_n-jc3a4seneksi-768x768.png 768w, https:\/\/www.faiafinland.fi\/wp-content\/uploads\/2021\/09\/liity-faia_n-jc3a4seneksi.png 1080w\" sizes=\"auto, (max-width: 200px) 100vw, 200px\" \/><span style=\"font-weight: 400;\"><strong>Liittym\u00e4ll\u00e4 FAIAn j\u00e4seneksi tuet laadukasta, uskonnollisesti ja puoluepoliittisesti sitoutumatonta keskustelua kansainv\u00e4lisen politiikan ilmi\u00f6ist\u00e4. J\u00e4senen\u00e4 olet my\u00f6s oikeutettu osallistumaan FAIAn j\u00e4rjest\u00e4mille ekskursioille ja ty\u00f6el\u00e4m\u00e4tapahtumiin, ja sinulla on mahdollisuus osallistua suosittuun Konfliktinratkaisusimulaatioon FAIAn tiimis<\/strong><\/span><strong>s\u00e4.<\/strong><\/p>\n<p><em>Haluatko tukea FAIAn toimintaa tai lahjoittaa j\u00e4senyyden jollekulle toiselle?<\/em> Sijoita silloin FAIAn kannatusmaksuun ja tuet samalla FAIAn toimintaa ja kehittymist\u00e4.<\/p>\n<p>Her\u00e4sik\u00f6 lis\u00e4kysymyksi\u00e4 j\u00e4senyyteen tai toimintaamme liittyen? Ota rohkeasti yhteytt\u00e4. Tarkemmat yhteystiedot l\u00f6yd\u00e4t\u00a0<a href=\"https:\/\/www.faiafinland.fi\/index.php\/ota-yhteytta-2\/\">t\u00e4\u00e4lt\u00e4<\/a>.<\/p>\n","protected":false},"excerpt":{"rendered":"<p>Kiinnostuitko FAIAsta? Tule mukaan toimintaamme! FAIAn j\u00e4seniksi ovat tervetulleita kaikki kansainv\u00e4lisiin suhteisiin liittyvist\u00e4 teemoista kiinnostuneet. FAIAn toimintaan on helppo tulla mukaan ja osallistua voi juuri niin aktiivisesti kuin haluaa. Voit liitty\u00e4 j\u00e4seneksi FAIAn verkkokaupassa. J\u00e4senmaksu suoritetaan liittymisen yhteydess\u00e4. FAIAn j\u00e4senyyden hinta on 10\u20ac vuodessa ja v\u00e4h\u00e4varaisille 5\u20ac vuodessa. J\u00e4senmaksu k\u00e4ytet\u00e4\u00e4n lyhent\u00e4m\u00e4tt\u00f6m\u00e4n\u00e4 yhdistyksemme toimintaan. J\u00e4senyys on&#8230;<\/p>\n","protected":false},"author":1,"featured_media":0,"parent":0,"menu_order":0,"comment_status":"closed","ping_status":"closed","template":"","meta":{"_kadence_starter_templates_imported_post":false,"_kad_post_transparent":"","_kad_post_title":"","_kad_post_layout":"","_kad_post_sidebar_id":"","_kad_post_content_style":"","_kad_post_vertical_padding":"","_kad_post_feature":"","_kad_post_feature_position":"","_kad_post_header":false,"_kad_post_footer":false,"footnotes":""},"class_list":["post-94","page","type-page","status-publish","hentry"],"_links":{"self":[{"href":"https:\/\/www.faiafinland.fi\/fi\/wp-json\/wp\/v2\/pages\/94","targetHints":{"allow":["GET"]}}],"collection":[{"href":"https:\/\/www.faiafinland.fi\/fi\/wp-json\/wp\/v2\/pages"}],"about":[{"href":"https:\/\/www.faiafinland.fi\/fi\/wp-json\/wp\/v2\/types\/page"}],"author":[{"embeddable":true,"href":"https:\/\/www.faiafinland.fi\/fi\/wp-json\/wp\/v2\/users\/1"}],"replies":[{"embeddable":true,"href":"https:\/\/www.faiafinland.fi\/fi\/wp-json\/wp\/v2\/comments?post=94"}],"version-history":[{"count":17,"href":"https:\/\/www.faiafinland.fi\/fi\/wp-json\/wp\/v2\/pages\/94\/revisions"}],"predecessor-version":[{"id":2844,"href":"https:\/\/www.faiafinland.fi\/fi\/wp-json\/wp\/v2\/pages\/94\/revisions\/2844"}],"wp:attachment":[{"href":"https:\/\/www.faiafinland.fi\/fi\/wp-json\/wp\/v2\/media?parent=94"}],"curies":[{"name":"wp","href":"https:\/\/api.w.org\/{rel}","templated":true}]}}