{"id":90,"date":"2021-09-12T07:47:16","date_gmt":"2021-09-12T07:47:16","guid":{"rendered":"http:\/\/www.faiafinland.fi\/?page_id=90"},"modified":"2026-02-09T09:33:48","modified_gmt":"2026-02-09T09:33:48","slug":"hallitus","status":"publish","type":"page","link":"https:\/\/www.faiafinland.fi\/fi\/tietoja-2\/hallitus\/","title":{"rendered":"Hallitus"},"content":{"rendered":"<h2>FAIAn hallitus 2026<\/h2>\n<p>Alta n\u00e4et FAIAn vuoden 2026 hallituksen kokoonpanon. Hallitus ohjaa FAIAn toimintaa, vastaa p\u00e4\u00e4t\u00f6sten toteuttamisesta ja hoitaa yleisesti yhdistyksen juoksevia asioita. Hallituksen j\u00e4seniin voi olla yhteydess\u00e4 alla oleviin s\u00e4hk\u00f6postiosoitteisiin. Koko hallituksen tavoitat my\u00f6s osoitteella <a href=\"mailto:board@faiafinland.fi\"><strong>board[at]faiafinland.fi<\/strong><\/a>.<\/p>\n<p><em><strong>Hallituksen j\u00e4senet:<\/strong><\/em><\/p>\n<p><strong>Puheenjohtaja:<\/strong> Felicia Vinni, chair[at]faiafinland.fi<\/p>\n<p><strong>J\u00e4rjest\u00f6llinen varapuheenjohtaja:<\/strong> <span style=\"font-weight: 400;\">Aleksi Summanen<\/span>, vicechair[at]faiafinland.fi<\/p>\n<p><strong>Poliittinen varapuheenjohtaja:<\/strong> Erica Kinnunen, vicechair[at]faiafinland.fi<\/p>\n<p><strong>Rahastonhoitaja: <span style=\"font-weight: 400;\">Alex Suikkanen, treasurer[at]faiafinland.fi<\/span><\/strong><\/p>\n<p><strong>Varainhankintavastaava:<\/strong> Iida Tomminen, <span style=\"font-weight: 400;\">memberships[at]faiafinland.fi<\/span><\/p>\n<p><strong>Sihteeri ja j\u00e4senhankitavastaava:<\/strong> Alina Skytta, secretary[at]faiafinland.fi, memberships[at]faiafinland.fi<\/p>\n<p><strong>Ulkosuhdevastaava:<\/strong> Saila Jussila, liaison[at]faiafinland.fi<\/p>\n<p><strong>Kansainv\u00e4lisyysvastaava:<\/strong> Antti Kumpulainen, international[at]faiafinland.fi<\/p>\n<p><strong>Viestint\u00e4vastaava:\u00a0<\/strong>Pihla Lepp\u00e4nen,\u00a0communications[at]faiafinland.fi<\/p>\n<p><strong>Someviestint\u00e4vastaava:\u00a0<\/strong>Elina Simil\u00e4, communications[at]faiafinland.fi<\/p>\n<p><strong>Ty\u00f6el\u00e4m\u00e4vastaava:<\/strong> Aino Rantala, careers[at]faiafinland.fi<\/p>\n<p><strong>Tapahtumavastaava:<\/strong> Ella Peppi Koskiranta, events[at]faiafinland.fi<\/p>\n<p><strong>Doktriinin p\u00e4\u00e4toimittaja:\u00a0<\/strong>Mira Kokko, doktriini[at]gmail.com<\/p>\n<p><em><strong>Hallituksen varaj\u00e4senet:<\/strong><\/em><\/p>\n<p><span dir=\"ltr\" role=\"presentation\">Susanna Lundell<\/span><br role=\"presentation\" \/><span dir=\"ltr\" role=\"presentation\">Cristina Badoi<\/span><br role=\"presentation\" \/><span dir=\"ltr\" role=\"presentation\">Erik J\u00e4rnefelt<\/span><br role=\"presentation\" \/><span dir=\"ltr\" role=\"presentation\">Luukas Pyykk\u00f6nen<\/span><br role=\"presentation\" \/><span dir=\"ltr\" role=\"presentation\">Aaro Sintonen<\/span><br role=\"presentation\" \/><span dir=\"ltr\" role=\"presentation\">Susan El-Gendy<\/span><br role=\"presentation\" \/><span dir=\"ltr\" role=\"presentation\">Kevin Nyberg<\/span><br role=\"presentation\" \/><span dir=\"ltr\" role=\"presentation\">Aapo Nieminen<\/span><br role=\"presentation\" \/><span dir=\"ltr\" role=\"presentation\">Eerika Hell<\/span><\/p>\n<p><a href=\"https:\/\/www.faiafinland.fi\/index.php\/edelliset-hallitukset\/\">Edelliset hallitukset<\/a><\/p>\n","protected":false},"excerpt":{"rendered":"<p>FAIAn hallitus 2026 Alta n\u00e4et FAIAn vuoden 2026 hallituksen kokoonpanon. Hallitus ohjaa FAIAn toimintaa, vastaa p\u00e4\u00e4t\u00f6sten toteuttamisesta ja hoitaa yleisesti yhdistyksen juoksevia asioita. Hallituksen j\u00e4seniin voi olla yhteydess\u00e4 alla oleviin s\u00e4hk\u00f6postiosoitteisiin. Koko hallituksen tavoitat my\u00f6s osoitteella board[at]faiafinland.fi. Hallituksen j\u00e4senet: Puheenjohtaja: Felicia Vinni, chair[at]faiafinland.fi J\u00e4rjest\u00f6llinen varapuheenjohtaja: Aleksi Summanen, vicechair[at]faiafinland.fi Poliittinen varapuheenjohtaja: Erica Kinnunen, vicechair[at]faiafinland.fi Rahastonhoitaja: Alex&#8230;<\/p>\n","protected":false},"author":1,"featured_media":0,"parent":22,"menu_order":1,"comment_status":"closed","ping_status":"closed","template":"","meta":{"_kadence_starter_templates_imported_post":false,"_kad_post_transparent":"","_kad_post_title":"","_kad_post_layout":"","_kad_post_sidebar_id":"","_kad_post_content_style":"","_kad_post_vertical_padding":"","_kad_post_feature":"","_kad_post_feature_position":"","_kad_post_header":false,"_kad_post_footer":false,"footnotes":""},"class_list":["post-90","page","type-page","status-publish","hentry"],"_links":{"self":[{"href":"https:\/\/www.faiafinland.fi\/fi\/wp-json\/wp\/v2\/pages\/90","targetHints":{"allow":["GET"]}}],"collection":[{"href":"https:\/\/www.faiafinland.fi\/fi\/wp-json\/wp\/v2\/pages"}],"about":[{"href":"https:\/\/www.faiafinland.fi\/fi\/wp-json\/wp\/v2\/types\/page"}],"author":[{"embeddable":true,"href":"https:\/\/www.faiafinland.fi\/fi\/wp-json\/wp\/v2\/users\/1"}],"replies":[{"embeddable":true,"href":"https:\/\/www.faiafinland.fi\/fi\/wp-json\/wp\/v2\/comments?post=90"}],"version-history":[{"count":19,"href":"https:\/\/www.faiafinland.fi\/fi\/wp-json\/wp\/v2\/pages\/90\/revisions"}],"predecessor-version":[{"id":2964,"href":"https:\/\/www.faiafinland.fi\/fi\/wp-json\/wp\/v2\/pages\/90\/revisions\/2964"}],"up":[{"embeddable":true,"href":"https:\/\/www.faiafinland.fi\/fi\/wp-json\/wp\/v2\/pages\/22"}],"wp:attachment":[{"href":"https:\/\/www.faiafinland.fi\/fi\/wp-json\/wp\/v2\/media?parent=90"}],"curies":[{"name":"wp","href":"https:\/\/api.w.org\/{rel}","templated":true}]}}