{"id":3,"date":"2021-04-22T14:45:45","date_gmt":"2021-04-22T14:45:45","guid":{"rendered":"http:\/\/www.faiafinland.fi\/?page_id=3"},"modified":"2025-06-26T13:02:05","modified_gmt":"2025-06-26T13:02:05","slug":"privacy-policy","status":"publish","type":"page","link":"https:\/\/www.faiafinland.fi\/fi\/privacy-policy\/","title":{"rendered":"Tietosuojaseloste"},"content":{"rendered":"<h5 style=\"text-align: center;\"><span style=\"color: #003366;\">Kansainv\u00e4lisen politiikan yhdistyksen (FAIA ry) yleinen tietosuojaseloste<\/span><\/h5>\n<h6><span style=\"color: #ffffff;\">&#8211;<\/span><\/h6>\n<h6><span style=\"color: #003366;\"><strong>1.<\/strong> Rekisterin pit\u00e4j\u00e4<\/span><\/h6>\n<p>Kansainv\u00e4lisen politiikan yhdistys.<\/p>\n<h6><span style=\"color: #003366;\"><strong>2.<\/strong> Yhteyshenkil\u00f6<\/span><\/h6>\n<p>J\u00e4senyyksist\u00e4 vastaava hallituksen j\u00e4sen. T\u00e4t\u00e4 tietosuojaselostetta koskevat yhteydenotot ja pyynn\u00f6t tulee esitt\u00e4\u00e4 kirjallisesti osoitteeseen: <a href=\"memberships@faiafinland.fi\">memberships@faiafinland.fi.<\/a><\/p>\n<h6><span style=\"color: #003366;\">3. Henkil\u00f6tietojen k\u00e4sittelyn tarkoitus ja oikeusperuste<\/span><\/h6>\n<p>Ker\u00e4\u00e4mme ja k\u00e4sittelemme vain henkil\u00f6tietoja, jotka ovat tarpeen toimintamme harjoittamista ja j\u00e4sensuhteen hoitamista varten. Henkil\u00f6tietoja k\u00e4sittelee j\u00e4senyyksist\u00e4 vastaava hallituksen j\u00e4sen. Henkil\u00f6tietoja voi k\u00e4sitell\u00e4 my\u00f6s muu yhdistyksen hallituksen j\u00e4sen, kun se on tarpeellista t\u00e4m\u00e4n teht\u00e4vien hoitamiseksi.<\/p>\n<p>K\u00e4sittelemme henkil\u00f6tietoja seuraaviin tarkoituksiin:<\/p>\n<ol>\n<li>Lakis\u00e4\u00e4teisten velvollisuuksien toteuttaminen, kuten j\u00e4senrekisterin yll\u00e4pito.<\/li>\n<li>J\u00e4senhakemusten k\u00e4sittely, j\u00e4senyyksien hallinointi ja sis\u00e4inen raportointi.<\/li>\n<li>Yhdistyksen tapahtumien ja toiminnan j\u00e4rjest\u00e4minen sek\u00e4 j\u00e4senpalvelujen tarjoaminen.<\/li>\n<li>Muut tarkoitukset, joihin olet suostunut.<\/li>\n<\/ol>\n<h6><span style=\"color: #003366;\">4. Henkil\u00f6tietojen ker\u00e4\u00e4minen<\/span><\/h6>\n<p>Ker\u00e4\u00e4mme ja k\u00e4sittelemme esimerkiksi seuraavia henkil\u00f6tietoryhmi\u00e4:<\/p>\n<ol>\n<li>J\u00e4senrekisterin tiedot: Liittymisp\u00e4iv\u00e4m\u00e4\u00e4r\u00e4, viimeisin j\u00e4senmaksun p\u00e4iv\u00e4m\u00e4\u00e4r\u00e4, j\u00e4senmaksun maksajan nimi, s\u00e4hk\u00f6posti, puhelinnumero, kotipaikkakunta, syntym\u00e4vuosi, koulutusala\/ammatti.<\/li>\n<li>Yhdistyksen tapahtumiin ja toimintaan osallistumiseksi annetut tiedot, kuten: Nimi, s\u00e4hk\u00f6posti ja puhelinnumero.<\/li>\n<\/ol>\n<p>Ker\u00e4\u00e4mme henkil\u00f6tietoja esimerkiksi seuraavilla tavoilla:<\/p>\n<p style=\"padding-left: 40px;\">3. J\u00e4senmaksun yhteydess\u00e4 luovutetut tiedot (Kohta 4.1), jotka merkit\u00e4\u00e4n erilliseen j\u00e4senrekisteriin. FAIA k\u00e4ytt\u00e4\u00e4 pankkipalvelunaan Holvi Payment Services Oy:t\u00e4, johon tiedot j\u00e4seneksi liittymisest\u00e4 tallentuvat. Liittyess\u00e4\u00e4n FAIAn j\u00e4seneksi, henkil\u00f6 hyv\u00e4ksyy my\u00f6s Holvi Payment Services Oy:n tietosuojak\u00e4yt\u00e4nn\u00f6t. FAIA ry ei vastaa <a href=\"https:\/\/support.holvi.com\/hc\/en-gb\/articles\/202260402-Privacy-Policy-Personal-Data-Declaratio\" target=\"_blank\" rel=\"noopener\">Holvin tietosuojak\u00e4yt\u00e4nn\u00f6ist\u00e4<\/a>.<br \/>\n4. Yhdistyksen tapahtumiin tai muuhun toimintaan osallistumisen yhteydess\u00e4 luovutetut tiedot (Kohta 4.2), joita ker\u00e4\u00e4mme esimerkiksi Google-Forms-ilmoittautumislomakkeilla.<\/p>\n<h6><span style=\"color: #003366;\">5. Henkil\u00f6tietojen siirrot ja luovutukset<\/span><\/h6>\n<p>Yhdistyksen j\u00e4senrekisterin sis\u00e4lt\u00e4mi\u00e4 henkil\u00f6tietoja ei luovuteta kolmansille osapuolille tai siirret\u00e4 EU\/ETA-maiden ulkopuolelle. FAIA tallentaa ja k\u00e4sittelee henkil\u00f6tietoja EU:n yleisen tietosuoja-asetuksen (GDPR) mukaisesti. J\u00e4senrekisteri on vain j\u00e4senhankintavastaavan hallussa, joka voi luovuttaa j\u00e4senrekisterin sis\u00e4lt\u00e4mi\u00e4 tietoja yhdistyksen hallituksen j\u00e4senille kohdan 3 mukaisesti.<\/p>\n<p>Yhdistys luovuttaa tarvittaessa yhdistyksen tapahtumiin ja toimintaan osallistumiseksi annettuja henkil\u00f6tietoja FAIAn yhteisty\u00f6tahoille yhdistyksen toiminnan ja tapahtumien mahdollistamiseksi. Luovutamme ainoastaan toiminnan tai tapahtuman j\u00e4rjest\u00e4misen kannalta tarpeelliset tiedot, esimerkiksi nimen ja s\u00e4hk\u00f6postiosoitteen.<\/p>\n<h6><span style=\"color: #003366;\">6. S\u00e4ilytysaika<\/span><\/h6>\n<p>S\u00e4ilyt\u00e4mme henkil\u00f6tietoja seuraavasti:<\/p>\n<ol>\n<li>J\u00e4senrekisterin sis\u00e4lt\u00e4m\u00e4t henkil\u00f6tiedot: Yhdistyksen j\u00e4senen j\u00e4sentiedot poistetaan j\u00e4senrekisterist\u00e4, kun j\u00e4sen ei en\u00e4\u00e4 ole yhdistyksen j\u00e4sen.<\/li>\n<li>Yhdistyksen tapahtumiin ja toimintaan osallistumiseksi annetut henkil\u00f6tiedot: S\u00e4ilyt\u00e4mme yhdistyksen tapahtumiin ja toimintaan osallistumiseksi annettuja henkil\u00f6tietoja niin kauan kuin se on tarpeellista tapahtuman toteuttamisen kannalta tai toiminnan tarpeen m\u00e4\u00e4r\u00e4\u00e4m\u00e4n ajan sen j\u00e4lkeen.<\/li>\n<\/ol>\n<h6><span style=\"color: #003366;\">7. Rekister\u00f6ityjen oikeudet<\/span><\/h6>\n<p>Jokaisella rekister\u00f6idyll\u00e4 on tietojensa k\u00e4sittely\u00e4 koskeva:<\/p>\n<ol>\n<li><strong>Tarkastusoikeus<\/strong> eli oikeus tarkistaa rekisteriin tallennetut henkil\u00f6tiedot. Jos tiedoissa ilmenee virheellisyyksi\u00e4 tai puutteita, voi rekister\u00f6ity pyyt\u00e4\u00e4 korjaamaan tai t\u00e4ydent\u00e4m\u00e4\u00e4n tiedot oikeiksi.<\/li>\n<li><strong>Vastustamisoikeus<\/strong> eli oikeus vastustaa henkil\u00f6tietojensa k\u00e4sittely\u00e4, mik\u00e4li rekister\u00f6ity kokee, ett\u00e4 henkil\u00f6tietoja on k\u00e4sitelty lainvastaisesti tai ilman asianmukaista oikeutta.<\/li>\n<li><strong>Poisto-oikeus<\/strong> eli oikeus pyyt\u00e4\u00e4 poistamaan rekisteriin tallennettuja tietoja. Rekister\u00f6idyll\u00e4 on lis\u00e4ksi oikeus rajoittaa tietojen k\u00e4sittely\u00e4. Poisto-oikeus ei koske Holvi Payment Services Oy:n saamia tietoja j\u00e4seneksi liittymisen yhteydess\u00e4.<\/li>\n<li><strong>Tiedonsiirto-oikeus<\/strong> eli oikeus siirt\u00e4\u00e4 tietojaan j\u00e4rjestelm\u00e4st\u00e4 toiseen.<\/li>\n<li><strong>Valitusoikeus<\/strong> eli oikeus tehd\u00e4 valitus tietosuojavaltuutetulle, jos rekister\u00f6ity kokee, ett\u00e4 henkil\u00f6tietojen k\u00e4sittelyss\u00e4 on rikottu voimassa olevaa tietosuojalains\u00e4\u00e4d\u00e4nt\u00f6\u00e4.<\/li>\n<\/ol>\n<p style=\"padding-left: 40px;\">Rekisterinpit\u00e4j\u00e4 voi kielt\u00e4yty\u00e4 toteuttamasta vastustamista tai poistoa koskevaa pyynt\u00f6\u00e4 ainoastaan laissa s\u00e4\u00e4detyin perustein.<\/p>\n<h6><span style=\"color: #003366;\">8. Muutokset t\u00e4h\u00e4n tietosuojaselosteeseen<\/span><\/h6>\n<p>Muutoksia t\u00e4h\u00e4n selosteeseen on mahdollista tehd\u00e4 yhdistyksen kokouksissa. Nykyinen tietosuojaseloste on p\u00e4ivitetty 23.6.2025<\/p>\n","protected":false},"excerpt":{"rendered":"<p>Kansainv\u00e4lisen politiikan yhdistyksen (FAIA ry) yleinen tietosuojaseloste &#8211; 1. Rekisterin pit\u00e4j\u00e4 Kansainv\u00e4lisen politiikan yhdistys. 2. Yhteyshenkil\u00f6 J\u00e4senyyksist\u00e4 vastaava hallituksen j\u00e4sen. T\u00e4t\u00e4 tietosuojaselostetta koskevat yhteydenotot ja pyynn\u00f6t tulee esitt\u00e4\u00e4 kirjallisesti osoitteeseen: memberships@faiafinland.fi. 3. Henkil\u00f6tietojen k\u00e4sittelyn tarkoitus ja oikeusperuste Ker\u00e4\u00e4mme ja k\u00e4sittelemme vain henkil\u00f6tietoja, jotka ovat tarpeen toimintamme harjoittamista ja j\u00e4sensuhteen hoitamista varten. Henkil\u00f6tietoja k\u00e4sittelee j\u00e4senyyksist\u00e4 vastaava&#8230;<\/p>\n","protected":false},"author":1,"featured_media":0,"parent":0,"menu_order":0,"comment_status":"closed","ping_status":"open","template":"","meta":{"_kadence_starter_templates_imported_post":false,"_kad_post_transparent":"","_kad_post_title":"","_kad_post_layout":"","_kad_post_sidebar_id":"","_kad_post_content_style":"","_kad_post_vertical_padding":"","_kad_post_feature":"","_kad_post_feature_position":"","_kad_post_header":false,"_kad_post_footer":false,"footnotes":""},"class_list":["post-3","page","type-page","status-publish","hentry"],"_links":{"self":[{"href":"https:\/\/www.faiafinland.fi\/fi\/wp-json\/wp\/v2\/pages\/3","targetHints":{"allow":["GET"]}}],"collection":[{"href":"https:\/\/www.faiafinland.fi\/fi\/wp-json\/wp\/v2\/pages"}],"about":[{"href":"https:\/\/www.faiafinland.fi\/fi\/wp-json\/wp\/v2\/types\/page"}],"author":[{"embeddable":true,"href":"https:\/\/www.faiafinland.fi\/fi\/wp-json\/wp\/v2\/users\/1"}],"replies":[{"embeddable":true,"href":"https:\/\/www.faiafinland.fi\/fi\/wp-json\/wp\/v2\/comments?post=3"}],"version-history":[{"count":6,"href":"https:\/\/www.faiafinland.fi\/fi\/wp-json\/wp\/v2\/pages\/3\/revisions"}],"predecessor-version":[{"id":2846,"href":"https:\/\/www.faiafinland.fi\/fi\/wp-json\/wp\/v2\/pages\/3\/revisions\/2846"}],"wp:attachment":[{"href":"https:\/\/www.faiafinland.fi\/fi\/wp-json\/wp\/v2\/media?parent=3"}],"curies":[{"name":"wp","href":"https:\/\/api.w.org\/{rel}","templated":true}]}}