{"id":23,"date":"2021-09-11T11:12:10","date_gmt":"2021-09-11T11:12:10","guid":{"rendered":"http:\/\/www.faiafinland.fi\/?page_id=23"},"modified":"2025-02-06T13:56:18","modified_gmt":"2025-02-06T13:56:18","slug":"ota-yhteytta-2","status":"publish","type":"page","link":"https:\/\/www.faiafinland.fi\/fi\/ota-yhteytta-2\/","title":{"rendered":"Ota yhteytt\u00e4"},"content":{"rendered":"\n<p><p><strong>Kiinnostuitko FAIA:sta?\u00a0<\/strong><\/p><br><p>Ota meihin yhteytt\u00e4 s\u00e4hk\u00f6postitse <a href=\"mailto:board@faiafinland.fi\"><strong>board@faiafinland.fi <\/strong><\/a>tai Instagramissa <a href=\"https:\/\/www.instagram.com\/faiafinland\/\" target=\"_blank\" rel=\"noopener\">@faiafinland<\/a>. Voit my\u00f6s j\u00e4tt\u00e4\u00e4 kysymyksesi, palautteesi tai ideasi alla olevan lomakkeen kautta.<\/p><br><p>Voit my\u00f6s olla suoraan yhteydess\u00e4 hallituksen puheenjohtajaan s\u00e4hk\u00f6postitse <a href=\"mailto:chairperson@faiafinland.fi\">chair@faiafinland.fi.<\/a><\/p><br><p>Otamme mielell\u00e4mme vastaan ehdotuksia blogitekstien aiheisiin liittyen. Julkaisemme my\u00f6s vieraskyn\u00e4kirjoituksia, joten jos olet kiinnostunut kirjoittamaan blogiimme, l\u00e4het\u00e4th\u00e4n meille viestin, jossa kerrot hiukan itsest\u00e4si ja ehdotuksen kirjoituksen aiheeksi.<\/p><br><p>Tarkemmat ohjeet j\u00e4seneksi liittymist\u00e4 varten l\u00f6yd\u00e4t\u00a0<a href=\"https:\/\/www.faiafinland.fi\/index.php\/liity-jaseneksi\/\">t\u00e4\u00e4lt\u00e4<\/a>.<b><br><\/b><\/p><br><p>Ota rohkeasti yhteytt\u00e4 ja kysy lis\u00e4\u00e4!<\/p><br>\n<div class=\"wpcf7 no-js\" id=\"wpcf7-f113-o1\" lang=\"fi\" dir=\"ltr\" data-wpcf7-id=\"113\">\n<div class=\"screen-reader-response\"><p role=\"status\" aria-live=\"polite\" aria-atomic=\"true\"><\/p> <ul><\/ul><\/div>\n<form action=\"\/fi\/wp-json\/wp\/v2\/pages\/23#wpcf7-f113-o1\" method=\"post\" class=\"wpcf7-form init\" aria-label=\"Yhteydenottolomake\" novalidate=\"novalidate\" data-status=\"init\">\n<fieldset class=\"hidden-fields-container\"><input type=\"hidden\" name=\"_wpcf7\" value=\"113\" \/><input type=\"hidden\" name=\"_wpcf7_version\" value=\"6.1.5\" \/><input type=\"hidden\" name=\"_wpcf7_locale\" value=\"fi\" \/><input type=\"hidden\" name=\"_wpcf7_unit_tag\" value=\"wpcf7-f113-o1\" \/><input type=\"hidden\" name=\"_wpcf7_container_post\" value=\"0\" \/><input type=\"hidden\" name=\"_wpcf7_posted_data_hash\" value=\"\" \/>\n<\/fieldset>\n<p><label> Nimi<br \/>\n<span class=\"wpcf7-form-control-wrap\" data-name=\"your-name\"><input size=\"40\" maxlength=\"400\" class=\"wpcf7-form-control wpcf7-text wpcf7-validates-as-required\" aria-required=\"true\" aria-invalid=\"false\" value=\"\" type=\"text\" name=\"your-name\" \/><\/span> <\/label>\n<\/p>\n<p><label> S\u00e4hk\u00f6posti<br \/>\n<span class=\"wpcf7-form-control-wrap\" data-name=\"your-email\"><input size=\"40\" maxlength=\"400\" class=\"wpcf7-form-control wpcf7-email wpcf7-validates-as-required wpcf7-text wpcf7-validates-as-email\" aria-required=\"true\" aria-invalid=\"false\" value=\"\" type=\"email\" name=\"your-email\" \/><\/span> <\/label>\n<\/p>\n<p><label> Aihe<br \/>\n<span class=\"wpcf7-form-control-wrap\" data-name=\"your-subject\"><input size=\"40\" maxlength=\"400\" class=\"wpcf7-form-control wpcf7-text wpcf7-validates-as-required\" aria-required=\"true\" aria-invalid=\"false\" value=\"\" type=\"text\" name=\"your-subject\" \/><\/span> <\/label>\n<\/p>\n<p><label> Viesti<br \/>\n<span class=\"wpcf7-form-control-wrap\" data-name=\"your-message\"><textarea cols=\"40\" rows=\"10\" maxlength=\"2000\" class=\"wpcf7-form-control wpcf7-textarea\" aria-invalid=\"false\" name=\"your-message\"><\/textarea><\/span> <\/label>\n<\/p>\n<p><input class=\"wpcf7-form-control wpcf7-submit has-spinner\" type=\"submit\" value=\"L\u00e4het\u00e4\" \/>\n<\/p><p style=\"display: none !important;\" class=\"akismet-fields-container\" data-prefix=\"_wpcf7_ak_\"><label>&#916;<textarea name=\"_wpcf7_ak_hp_textarea\" cols=\"45\" rows=\"8\" maxlength=\"100\"><\/textarea><\/label><input type=\"hidden\" id=\"ak_js_1\" name=\"_wpcf7_ak_js\" value=\"232\"\/><script>document.getElementById( \"ak_js_1\" ).setAttribute( \"value\", ( new Date() ).getTime() );<\/script><\/p><div class=\"wpcf7-response-output\" aria-hidden=\"true\"><\/div>\n<\/form>\n<\/div>\n<\/p>\n","protected":false},"excerpt":{"rendered":"<p>Kiinnostuitko FAIA:sta?\u00a0 Ota meihin yhteytt\u00e4 s\u00e4hk\u00f6postitse board@faiafinland.fi tai Instagramissa @faiafinland. Voit my\u00f6s j\u00e4tt\u00e4\u00e4 kysymyksesi, palautteesi tai ideasi alla olevan lomakkeen kautta. Voit my\u00f6s olla suoraan yhteydess\u00e4 hallituksen puheenjohtajaan s\u00e4hk\u00f6postitse chair@faiafinland.fi. Otamme mielell\u00e4mme vastaan ehdotuksia blogitekstien aiheisiin liittyen. Julkaisemme my\u00f6s vieraskyn\u00e4kirjoituksia, joten jos olet kiinnostunut kirjoittamaan blogiimme, l\u00e4het\u00e4th\u00e4n meille viestin, jossa kerrot hiukan itsest\u00e4si ja ehdotuksen&#8230;<\/p>\n","protected":false},"author":1,"featured_media":0,"parent":0,"menu_order":0,"comment_status":"closed","ping_status":"closed","template":"","meta":{"_kadence_starter_templates_imported_post":false,"_kad_post_transparent":"","_kad_post_title":"","_kad_post_layout":"","_kad_post_sidebar_id":"","_kad_post_content_style":"","_kad_post_vertical_padding":"","_kad_post_feature":"","_kad_post_feature_position":"","_kad_post_header":false,"_kad_post_footer":false,"footnotes":""},"class_list":["post-23","page","type-page","status-publish","hentry"],"_links":{"self":[{"href":"https:\/\/www.faiafinland.fi\/fi\/wp-json\/wp\/v2\/pages\/23","targetHints":{"allow":["GET"]}}],"collection":[{"href":"https:\/\/www.faiafinland.fi\/fi\/wp-json\/wp\/v2\/pages"}],"about":[{"href":"https:\/\/www.faiafinland.fi\/fi\/wp-json\/wp\/v2\/types\/page"}],"author":[{"embeddable":true,"href":"https:\/\/www.faiafinland.fi\/fi\/wp-json\/wp\/v2\/users\/1"}],"replies":[{"embeddable":true,"href":"https:\/\/www.faiafinland.fi\/fi\/wp-json\/wp\/v2\/comments?post=23"}],"version-history":[{"count":8,"href":"https:\/\/www.faiafinland.fi\/fi\/wp-json\/wp\/v2\/pages\/23\/revisions"}],"predecessor-version":[{"id":2689,"href":"https:\/\/www.faiafinland.fi\/fi\/wp-json\/wp\/v2\/pages\/23\/revisions\/2689"}],"wp:attachment":[{"href":"https:\/\/www.faiafinland.fi\/fi\/wp-json\/wp\/v2\/media?parent=23"}],"curies":[{"name":"wp","href":"https:\/\/api.w.org\/{rel}","templated":true}]}}