{"id":22,"date":"2024-02-26T09:17:58","date_gmt":"2024-02-26T09:17:58","guid":{"rendered":"http:\/\/www.faiafinland.fi\/?page_id=22"},"modified":"2024-02-26T09:18:30","modified_gmt":"2024-02-26T09:18:30","slug":"tietoja-2","status":"publish","type":"page","link":"https:\/\/www.faiafinland.fi\/fi\/tietoja-2\/","title":{"rendered":"Yhdistys"},"content":{"rendered":"\n<p>Hyv\u00e4 lukija,<\/p>\n\n\n\n<p>tervetuloa Kansainv\u00e4lisen politiikan yhdistyksen kotisivuille. Olen Nea Laine, FAIAn puheenjohtaja alkaneella toimikaudella 2024-2025.&nbsp;<\/p>\n\n\n\n<p>FAIA edustaa nuorta ja notkeaa, pitk\u00e4lti opiskelijoiden organisoimaa j\u00e4rjest\u00f6toimintaa. T\u00e4m\u00e4nkin vuoden tavoitteinamme on vahvistaa kotimaista sidosryhm\u00e4yhteisty\u00f6t\u00e4 ja tuoda j\u00e4senist\u00f6llemme kiinnostavia mahdollisuuksia kasvattaa tiet\u00e4myst\u00e4\u00e4n kansainv\u00e4lisen politiikan teemoista. Eurovaaleja unohtamatta jatkuvat tapahtumamme t\u00e4n\u00e4 vuonna mielenkiintoisina, ajankohtaisina ja edukatiivisina.\u00a0Omien tapahtumiemme lis\u00e4ksi voit l\u00f6yt\u00e4\u00e4 meid\u00e4t kev\u00e4\u00e4ll\u00e4 opiskelijoiden erilaisista vapputapahtumista ja my\u00f6hemmin syksyll\u00e4 fuksitapahtumista Helsingiss\u00e4. Tiedotamme yksityiskohdista Instagramissa l\u00e4hemp\u00e4n\u00e4 tapahtumien ajankohtaa.<\/p>\n\n\n\n<p><a href=\"https:\/\/www.faiafinland.fi\/index.php\/2023\/03\/23\/puheenjohtajan-tervehdys-2\/\">Kuten edelt\u00e4j\u00e4ni viisaasti totesi,<\/a> erityisesti maailmanpoliittisesti turbulenttina aikakautena FAIAn edustama rooli yhteiskunnallisessa keskustelussa on merkityksellinen ja parhaimmillaan vakauttava.\u00a0<a href=\"https:\/\/www.faiafinland.fi\/index.php\/blogi\/\">Blogimme<\/a> on loistava kanava avata, jatkaa ja k\u00e4yd\u00e4 keskustelua edustamistamme teemoista. Kannustankin Sinua, lukija, rohkeasti julkaisemaan tekstisi blogissamme! <\/p>\n\n\n\n<p>Eitt\u00e4m\u00e4tt\u00e4 olen <a href=\"https:\/\/www.faiafinland.fi\/index.php\/tietoja-2\/hallitus\/\">t\u00e4m\u00e4n vuoden hallituskokoonpanoon<\/a> erinomaisen tyytyv\u00e4inen. Valtavasti osaamista, valtavasti sielukkuutta. Hyvi\u00e4 tyyppej\u00e4. Olen otettu saamastani vastuusta, ja luottamuksesta.<\/p>\n\n\n\n<p>Nea Laine<br>Puheenjohtaja<br>Kansainv\u00e4lisen politiikan yhdistys <\/p>\n\n\n\n<p><\/p>\n","protected":false},"excerpt":{"rendered":"<p>Hyv\u00e4 lukija, tervetuloa Kansainv\u00e4lisen politiikan yhdistyksen kotisivuille. Olen Nea Laine, FAIAn puheenjohtaja alkaneella toimikaudella 2024-2025.&nbsp; FAIA edustaa nuorta ja notkeaa, pitk\u00e4lti opiskelijoiden organisoimaa j\u00e4rjest\u00f6toimintaa. T\u00e4m\u00e4nkin vuoden tavoitteinamme on vahvistaa kotimaista sidosryhm\u00e4yhteisty\u00f6t\u00e4 ja tuoda j\u00e4senist\u00f6llemme kiinnostavia mahdollisuuksia kasvattaa tiet\u00e4myst\u00e4\u00e4n kansainv\u00e4lisen politiikan teemoista. Eurovaaleja unohtamatta jatkuvat tapahtumamme t\u00e4n\u00e4 vuonna mielenkiintoisina, ajankohtaisina ja edukatiivisina.\u00a0Omien tapahtumiemme lis\u00e4ksi voit l\u00f6yt\u00e4\u00e4&#8230;<\/p>\n","protected":false},"author":1,"featured_media":0,"parent":0,"menu_order":0,"comment_status":"closed","ping_status":"closed","template":"","meta":{"_kadence_starter_templates_imported_post":false,"_kad_post_transparent":"","_kad_post_title":"","_kad_post_layout":"","_kad_post_sidebar_id":"","_kad_post_content_style":"","_kad_post_vertical_padding":"","_kad_post_feature":"","_kad_post_feature_position":"","_kad_post_header":false,"_kad_post_footer":false,"footnotes":""},"class_list":["post-22","page","type-page","status-publish","hentry"],"_links":{"self":[{"href":"https:\/\/www.faiafinland.fi\/fi\/wp-json\/wp\/v2\/pages\/22","targetHints":{"allow":["GET"]}}],"collection":[{"href":"https:\/\/www.faiafinland.fi\/fi\/wp-json\/wp\/v2\/pages"}],"about":[{"href":"https:\/\/www.faiafinland.fi\/fi\/wp-json\/wp\/v2\/types\/page"}],"author":[{"embeddable":true,"href":"https:\/\/www.faiafinland.fi\/fi\/wp-json\/wp\/v2\/users\/1"}],"replies":[{"embeddable":true,"href":"https:\/\/www.faiafinland.fi\/fi\/wp-json\/wp\/v2\/comments?post=22"}],"version-history":[{"count":7,"href":"https:\/\/www.faiafinland.fi\/fi\/wp-json\/wp\/v2\/pages\/22\/revisions"}],"predecessor-version":[{"id":2580,"href":"https:\/\/www.faiafinland.fi\/fi\/wp-json\/wp\/v2\/pages\/22\/revisions\/2580"}],"wp:attachment":[{"href":"https:\/\/www.faiafinland.fi\/fi\/wp-json\/wp\/v2\/media?parent=22"}],"curies":[{"name":"wp","href":"https:\/\/api.w.org\/{rel}","templated":true}]}}