{"id":1607,"date":"2022-02-11T16:44:06","date_gmt":"2022-02-11T16:44:06","guid":{"rendered":"https:\/\/www.faiafinland.fi\/?page_id=1607"},"modified":"2025-02-07T15:27:30","modified_gmt":"2025-02-07T15:27:30","slug":"strategia-2022-2023","status":"publish","type":"page","link":"https:\/\/www.faiafinland.fi\/fi\/strategia-2022-2023\/","title":{"rendered":"Strategia 2024-2025"},"content":{"rendered":"<p>Vuoden 2023 hallitus on laatinut uudistetun strategian vuosien 2022-2023 strategian pohjalta, ja se on hyv\u00e4ksytty yhdistyksen toimintaa ohjaavaksi asiakirjaksi yhdistyksen kokouksessa joulukuussa 2023.<\/p>\n<p>Strategian tarkoituksena on ohjata yhdistyksen toiminnan kehittymist\u00e4 ja m\u00e4\u00e4ritt\u00e4\u00e4 toiminnan painopisteet seuraavien kahden vuoden ajaksi. Siin\u00e4 m\u00e4\u00e4ritell\u00e4\u00e4n yhdistyksen toiminnan p\u00e4\u00e4m\u00e4\u00e4r\u00e4 ja yhdistyksen toimintaymp\u00e4rist\u00f6, toimintaa ohjaavat arvot sek\u00e4 toiminnan kehitt\u00e4mist\u00e4 koskevat tavoitteet ja toimintaperiaatteet. Hallitus arvioi strategian toteutumista vuosittain.<\/p>\n<p>Strategia on luettavissa oheisen linkin kautta: <a href=\"https:\/\/www.faiafinland.fi\/wp-content\/uploads\/2025\/02\/FAIA_Strategia_2024-2025.pdf\">FAIA_Strategia_2024-2025<\/a><\/p>\n","protected":false},"excerpt":{"rendered":"<p>Vuoden 2023 hallitus on laatinut uudistetun strategian vuosien 2022-2023 strategian pohjalta, ja se on hyv\u00e4ksytty yhdistyksen toimintaa ohjaavaksi asiakirjaksi yhdistyksen kokouksessa joulukuussa 2023. Strategian tarkoituksena on ohjata yhdistyksen toiminnan kehittymist\u00e4 ja m\u00e4\u00e4ritt\u00e4\u00e4 toiminnan painopisteet seuraavien kahden vuoden ajaksi. Siin\u00e4 m\u00e4\u00e4ritell\u00e4\u00e4n yhdistyksen toiminnan p\u00e4\u00e4m\u00e4\u00e4r\u00e4 ja yhdistyksen toimintaymp\u00e4rist\u00f6, toimintaa ohjaavat arvot sek\u00e4 toiminnan kehitt\u00e4mist\u00e4 koskevat tavoitteet ja&#8230;<\/p>\n","protected":false},"author":1,"featured_media":0,"parent":0,"menu_order":0,"comment_status":"closed","ping_status":"closed","template":"","meta":{"_kadence_starter_templates_imported_post":false,"_kad_post_transparent":"","_kad_post_title":"","_kad_post_layout":"","_kad_post_sidebar_id":"","_kad_post_content_style":"","_kad_post_vertical_padding":"","_kad_post_feature":"","_kad_post_feature_position":"","_kad_post_header":false,"_kad_post_footer":false,"footnotes":""},"class_list":["post-1607","page","type-page","status-publish","hentry"],"_links":{"self":[{"href":"https:\/\/www.faiafinland.fi\/fi\/wp-json\/wp\/v2\/pages\/1607","targetHints":{"allow":["GET"]}}],"collection":[{"href":"https:\/\/www.faiafinland.fi\/fi\/wp-json\/wp\/v2\/pages"}],"about":[{"href":"https:\/\/www.faiafinland.fi\/fi\/wp-json\/wp\/v2\/types\/page"}],"author":[{"embeddable":true,"href":"https:\/\/www.faiafinland.fi\/fi\/wp-json\/wp\/v2\/users\/1"}],"replies":[{"embeddable":true,"href":"https:\/\/www.faiafinland.fi\/fi\/wp-json\/wp\/v2\/comments?post=1607"}],"version-history":[{"count":9,"href":"https:\/\/www.faiafinland.fi\/fi\/wp-json\/wp\/v2\/pages\/1607\/revisions"}],"predecessor-version":[{"id":2696,"href":"https:\/\/www.faiafinland.fi\/fi\/wp-json\/wp\/v2\/pages\/1607\/revisions\/2696"}],"wp:attachment":[{"href":"https:\/\/www.faiafinland.fi\/fi\/wp-json\/wp\/v2\/media?parent=1607"}],"curies":[{"name":"wp","href":"https:\/\/api.w.org\/{rel}","templated":true}]}}