{"id":148,"date":"2021-09-20T16:11:03","date_gmt":"2021-09-20T16:11:03","guid":{"rendered":"https:\/\/www.faiafinland.fi\/?page_id=148"},"modified":"2024-04-03T17:41:22","modified_gmt":"2024-04-03T17:41:22","slug":"toimintakertomukset","status":"publish","type":"page","link":"https:\/\/www.faiafinland.fi\/fi\/toimintakertomukset\/","title":{"rendered":"Toimintakertomukset"},"content":{"rendered":"<p>Kansainv\u00e4lisen politiikan yhdistyksen toimintakertomus 2016: <a title=\"Toimintakertomus 2016\" href=\"https:\/\/faiafinland.files.wordpress.com\/2018\/09\/toimintakertomus-2016.pdf\" target=\"_blank\" rel=\"noopener\">Toimintakertomus 2016<\/a><\/p>\n<p>Kansainv\u00e4lisen politiikan yhdistyksen toimintakertomus 2017:\u00a0<a title=\"Toimintakertomus 2017\" href=\"https:\/\/faiafinland.files.wordpress.com\/2018\/09\/toimintakertomus-2017.pdf\" target=\"_blank\" rel=\"noopener\">Toimintakertomus 2017<\/a><\/p>\n<p>Kansainv\u00e4lisen politiikan yhdistyksen toimintakertomus 2018: <a title=\"FAIA-toimintakertomus-2018\" href=\"https:\/\/faiafinland.files.wordpress.com\/2019\/04\/faia-toimintakertomus-2018.pdf\" target=\"_blank\" rel=\"noopener\">Toimintakertomus 2018\u00a0<\/a><\/p>\n<p>Kansainv\u00e4lisen politiikan yhdistyksen toimintakertomus 2019: <a href=\"https:\/\/www.faiafinland.fi\/wp-content\/uploads\/2021\/10\/FAIA-toimintakertomus-2019-1.pdf\">FAIAn toimintakertomus 2019<\/a><\/p>\n<p>Kansainv\u00e4lisen politiikan yhdistyksen toimintakertomus 2020: <a href=\"https:\/\/www.faiafinland.fi\/wp-content\/uploads\/2021\/10\/FAIAn-toimintakertomus-2020.pdf\">FAIAn toimintakertomus 2020<\/a><\/p>\n\n\n<p>Kansainv\u00e4lisen politiikan yhdistyksen toimintakertomus 2021: <a href=\"https:\/\/www.faiafinland.fi\/wp-content\/uploads\/2024\/04\/FAIA_toimintakertomus-2021.docx.pdf\">FAIAn toimintakertomus 2021<\/a><\/p>\n\n\n\n<p>Kansainv\u00e4lisen politiikan yhdistyksen toimintakertomus 2022: <a href=\"https:\/\/www.faiafinland.fi\/wp-content\/uploads\/2024\/04\/FAIA_toimintakertomus-2022.pdf\">FAIAn toimintakertomus 2022<\/a><\/p>\n\n\n\n<p><\/p>\n","protected":false},"excerpt":{"rendered":"<p>Kansainv\u00e4lisen politiikan yhdistyksen toimintakertomus 2016: Toimintakertomus 2016 Kansainv\u00e4lisen politiikan yhdistyksen toimintakertomus 2017:\u00a0Toimintakertomus 2017 Kansainv\u00e4lisen politiikan yhdistyksen toimintakertomus 2018: Toimintakertomus 2018\u00a0 Kansainv\u00e4lisen politiikan yhdistyksen toimintakertomus 2019: FAIAn toimintakertomus 2019 Kansainv\u00e4lisen politiikan yhdistyksen toimintakertomus 2020: FAIAn toimintakertomus 2020 Kansainv\u00e4lisen politiikan yhdistyksen toimintakertomus 2021: FAIAn toimintakertomus 2021 Kansainv\u00e4lisen politiikan yhdistyksen toimintakertomus 2022: FAIAn toimintakertomus 2022<\/p>\n","protected":false},"author":1,"featured_media":0,"parent":0,"menu_order":0,"comment_status":"closed","ping_status":"closed","template":"","meta":{"_kadence_starter_templates_imported_post":false,"_kad_post_transparent":"","_kad_post_title":"","_kad_post_layout":"","_kad_post_sidebar_id":"","_kad_post_content_style":"","_kad_post_vertical_padding":"","_kad_post_feature":"","_kad_post_feature_position":"","_kad_post_header":false,"_kad_post_footer":false,"footnotes":""},"class_list":["post-148","page","type-page","status-publish","hentry"],"_links":{"self":[{"href":"https:\/\/www.faiafinland.fi\/fi\/wp-json\/wp\/v2\/pages\/148","targetHints":{"allow":["GET"]}}],"collection":[{"href":"https:\/\/www.faiafinland.fi\/fi\/wp-json\/wp\/v2\/pages"}],"about":[{"href":"https:\/\/www.faiafinland.fi\/fi\/wp-json\/wp\/v2\/types\/page"}],"author":[{"embeddable":true,"href":"https:\/\/www.faiafinland.fi\/fi\/wp-json\/wp\/v2\/users\/1"}],"replies":[{"embeddable":true,"href":"https:\/\/www.faiafinland.fi\/fi\/wp-json\/wp\/v2\/comments?post=148"}],"version-history":[{"count":6,"href":"https:\/\/www.faiafinland.fi\/fi\/wp-json\/wp\/v2\/pages\/148\/revisions"}],"predecessor-version":[{"id":2634,"href":"https:\/\/www.faiafinland.fi\/fi\/wp-json\/wp\/v2\/pages\/148\/revisions\/2634"}],"wp:attachment":[{"href":"https:\/\/www.faiafinland.fi\/fi\/wp-json\/wp\/v2\/media?parent=148"}],"curies":[{"name":"wp","href":"https:\/\/api.w.org\/{rel}","templated":true}]}}