{"id":119,"date":"2021-09-13T13:53:42","date_gmt":"2021-09-13T13:53:42","guid":{"rendered":"http:\/\/www.faiafinland.fi\/?page_id=119"},"modified":"2026-02-19T16:26:47","modified_gmt":"2026-02-19T16:26:47","slug":"mika-doktriini","status":"publish","type":"page","link":"https:\/\/www.faiafinland.fi\/fi\/mika-doktriini\/","title":{"rendered":"Mik\u00e4 Doktriini?"},"content":{"rendered":"\n<p class=\"has-medium-font-size\"><strong>Mik\u00e4 on Doktriini?<\/strong><\/p>\n\n\n\n<p>Doktriini on FAIA:n julkaisema kansainv\u00e4lisen politiikan teemoihin keskittyv\u00e4 verkkolehti. Lehden pohjana on FAIA:n nettisivuilla jo vuosia ilmestynyt blogi.&nbsp;<\/p>\n\n\n\n<p>Doktriini on valtakunnallinen, uskonnollisesti ja puoluepoliittisesti sitoutumaton lehti. Doktriini haluaa edist\u00e4\u00e4 laadukasta keskustelua kansainv\u00e4lisist\u00e4 suhteista sek\u00e4 kannustaa nuoria osallistumaan julkiseen keskusteluun.<\/p>\n\n\n\n<p>Doktriinissa on t\u00e4n\u00e4 vuonna kolme vaihtuvaa teemaa. Juttuja julkaistaan kirjoittajien innokkuuden mukaan 1-5 kuukaudessa. Jokainen kansainv\u00e4lisest\u00e4 politiikasta kiinnostunut on tervetullut kirjoittamaan lehteemme. Lis\u00e4\u00e4 ohjeita kirjoittamiseen l\u00f6yd\u00e4t alempaa. Doktriini ilmestyy verkossa FAIA:n nettisivujen Doktriini-osiossa. T\u00e4m\u00e4n lis\u00e4ksi markkinoimme julkaistuja juttuja sek\u00e4 sosiaalisessa mediassa ett\u00e4 uutiskirjeess\u00e4mme.<\/p>\n\n\n\n<p>Doktriini ei ole Julkisen sanan neuvoston j\u00e4sen, mutta sitoudumme toiminnassamme hyv\u00e4\u00e4n journalistiseen tapaan ja lehden toiminnan yleisen\u00e4 ohjenuorana pyrimme noudattamaan Julkisen sanan neuvoston julkaisemia Journalistin ohjeita. Lis\u00e4\u00e4 Journalistin ohjeista l\u00f6yd\u00e4t osoitteesta <a href=\"https:\/\/jsn.fi\/\" target=\"_blank\" rel=\"noopener\">https:\/\/jsn.fi\/<\/a>.&nbsp;<\/p>\n\n\n\n<p>Doktriini perustettiin maaliskuussa 2025, joten olemme melko uusi lehti. Toimintamme kehittyy jatkuvasti, joten seuraathan meit\u00e4 sosiaalisessa mediassa, jotta pysyt ajan tasalla Doktriinin toiminnasta sek\u00e4 tietysti uusimmista julkaistuista jutuista.<\/p>\n\n\n\n<p><\/p>\n\n\n\n<p class=\"has-medium-font-size\"><strong>Doktriinin toimitus<\/strong><\/p>\n\n\n\n<p>Doktriini on FAIA:n julkaisema verkkolehti, jonka p\u00e4\u00e4toimittaja on osa FAIAn hallitusta. Vuonna 2026 FAIAn p\u00e4\u00e4toimittajana toimii Mira Kokko. Lehden toimituskuntaan kuuluvat lis\u00e4ksi Eelis Berglund, Noora Jokinen, Aapo Nieminen ja Eveliina Yli-Rahnasto. Lehteen liittyviin t\u00e4rkeisiin p\u00e4\u00e4t\u00f6ksiin ottaa kantaa koko FAIA:n hallitus. My\u00f6s budjettimme on FAIA:n budjetin alaisuudessa.<\/p>\n\n\n\n<p class=\"has-medium-font-size\"><strong>Miten voin kirjoittaa tai kuvittaa lehteen?<\/strong><\/p>\n\n\n\n<p>Jokainen kansainv\u00e4lisest\u00e4 politiikasta kiinnostunut on tervetullut kirjoittamaan Doktriiniin.&nbsp;<\/p>\n\n\n\n<p>Aikaisempaa kokemusta kirjoittamisesta lehteen ei vaadita, joten lehti on erinomainen v\u00e4yl\u00e4 tutustua kirjoittamiseen ja kehitt\u00e4\u00e4 omaa ammattitaitoa. Sinun ei tarvitse olla politiikan tai kansainv\u00e4listen suhteiden opiskelija tai asiantuntija kirjoittaaksesi lehteemme, sill\u00e4 arvostamme monenlaisia n\u00e4k\u00f6kulmia.<\/p>\n\n\n\n<p>Jos sinulla on valmis juttuidea &#8211; hienoa! Valmis juttuidea ei kuitenkaan ole v\u00e4ltt\u00e4m\u00e4t\u00f6n, vaan voimme yhdess\u00e4 pohtia, mist\u00e4 aiheista voisi t\u00e4ll\u00e4 kertaa lehteen kirjoittaa.<\/p>\n\n\n\n<p>Kirjoittajien lis\u00e4ksi arvostamme suuresti my\u00f6s kuvittajia, kuvaajia ja visuaalisen puolen apuk\u00e4si\u00e4. Kuvitukset ovat t\u00e4rke\u00e4 osa valmiita juttuja ja niiden tekij\u00e4t saavat asianmukaisen maininnan ty\u00f6st\u00e4\u00e4n valmiisiin artikkeleihin.<\/p>\n\n\n\n<p>Julkaistu teksti on hyv\u00e4 juttun\u00e4yte esimerkiksi ty\u00f6nhaussa. Doktriiniin kirjoittaminen on my\u00f6s erinomainen matalan kynnyksen mahdollisuus profiloitua kansainv\u00e4lisen politiikan asiantuntijana. Mainostamme valmiita juttuja sek\u00e4 FAIA:n ett\u00e4 Doktriinin sosiaalisen median kanavissa, joten tekstisi saa my\u00f6s ansaitsemaansa n\u00e4kyvyytt\u00e4.<\/p>\n\n\n\n<p>Doktriini-lehti toimii vapaaehtoisvoimin, mink\u00e4 vuoksi kirjoittamisesta tai kuvituksista ei makseta palkkiota.<\/p>\n\n\n\n<p>Voit kirjoittaa esimerkiksi:<\/p>\n\n\n\n<ul class=\"wp-block-list\">\n<li>Asiantuntijahaastattelun<\/li>\n\n\n\n<li>Kolumnin<\/li>\n\n\n\n<li>Analyysin<\/li>\n\n\n\n<li>Feature-artikkelin<\/li>\n\n\n\n<li>Henkil\u00f6kuvan<\/li>\n\n\n\n<li>Omakohtaisen kertomuksen ty\u00f6harjoittelusta tai vaihto-opiskelusta<\/li>\n<\/ul>\n\n\n\n<p>Toimituksemme on tukenasi&nbsp; koko juttuprosessin ajan. Voit laittaa meille viesti\u00e4 matalalla kynnyksell\u00e4 \u2013 autamme ideasi hionnassa, tarjoamme uusia n\u00e4k\u00f6kulmia ja editoimme tekstisi julkaisukuntoon. Editointi kohentaa aina tekstin laatua ja on opettavaista sek\u00e4 kirjoittajalle ett\u00e4 editoijille. \u00c4l\u00e4 siis j\u00e4nnit\u00e4 keskener\u00e4isenk\u00e4\u00e4n tekstin l\u00e4hett\u00e4mist\u00e4 meille!&nbsp;<\/p>\n\n\n\n<p>Jos haluat tulla mukaan kirjoittamaan tai kuvittamaan lehteen, voit olla rohkeasti toimitukseen yhteydess\u00e4 s\u00e4hk\u00f6postitse doktriini [at] gmail.com.<\/p>\n\n\n\n<figure class=\"wp-block-image size-large is-resized\"><img loading=\"lazy\" decoding=\"async\" width=\"1024\" height=\"1024\" src=\"https:\/\/www.faiafinland.fi\/wp-content\/uploads\/2025\/03\/Doktriini-logo-suunnittelu-1024x1024.png\" alt=\"\" class=\"wp-image-2707\" style=\"width:387px;height:auto\" srcset=\"https:\/\/www.faiafinland.fi\/wp-content\/uploads\/2025\/03\/Doktriini-logo-suunnittelu-1024x1024.png 1024w, https:\/\/www.faiafinland.fi\/wp-content\/uploads\/2025\/03\/Doktriini-logo-suunnittelu-300x300.png 300w, https:\/\/www.faiafinland.fi\/wp-content\/uploads\/2025\/03\/Doktriini-logo-suunnittelu-150x150.png 150w, https:\/\/www.faiafinland.fi\/wp-content\/uploads\/2025\/03\/Doktriini-logo-suunnittelu-768x768.png 768w, https:\/\/www.faiafinland.fi\/wp-content\/uploads\/2025\/03\/Doktriini-logo-suunnittelu.png 1080w\" sizes=\"auto, (max-width: 1024px) 100vw, 1024px\" \/><\/figure>\n\n\n\n<p><\/p>\n","protected":false},"excerpt":{"rendered":"<p>Mik\u00e4 on Doktriini? Doktriini on FAIA:n julkaisema kansainv\u00e4lisen politiikan teemoihin keskittyv\u00e4 verkkolehti. Lehden pohjana on FAIA:n nettisivuilla jo vuosia ilmestynyt blogi.&nbsp; Doktriini on valtakunnallinen, uskonnollisesti ja puoluepoliittisesti sitoutumaton lehti. Doktriini haluaa edist\u00e4\u00e4 laadukasta keskustelua kansainv\u00e4lisist\u00e4 suhteista sek\u00e4 kannustaa nuoria osallistumaan julkiseen keskusteluun. Doktriinissa on t\u00e4n\u00e4 vuonna kolme vaihtuvaa teemaa. Juttuja julkaistaan kirjoittajien innokkuuden mukaan 1-5&#8230;<\/p>\n","protected":false},"author":1,"featured_media":0,"parent":0,"menu_order":0,"comment_status":"closed","ping_status":"closed","template":"","meta":{"_kadence_starter_templates_imported_post":false,"_kad_post_transparent":"","_kad_post_title":"","_kad_post_layout":"","_kad_post_sidebar_id":"","_kad_post_content_style":"","_kad_post_vertical_padding":"","_kad_post_feature":"","_kad_post_feature_position":"","_kad_post_header":false,"_kad_post_footer":false,"footnotes":""},"class_list":["post-119","page","type-page","status-publish","hentry"],"_links":{"self":[{"href":"https:\/\/www.faiafinland.fi\/fi\/wp-json\/wp\/v2\/pages\/119","targetHints":{"allow":["GET"]}}],"collection":[{"href":"https:\/\/www.faiafinland.fi\/fi\/wp-json\/wp\/v2\/pages"}],"about":[{"href":"https:\/\/www.faiafinland.fi\/fi\/wp-json\/wp\/v2\/types\/page"}],"author":[{"embeddable":true,"href":"https:\/\/www.faiafinland.fi\/fi\/wp-json\/wp\/v2\/users\/1"}],"replies":[{"embeddable":true,"href":"https:\/\/www.faiafinland.fi\/fi\/wp-json\/wp\/v2\/comments?post=119"}],"version-history":[{"count":32,"href":"https:\/\/www.faiafinland.fi\/fi\/wp-json\/wp\/v2\/pages\/119\/revisions"}],"predecessor-version":[{"id":2969,"href":"https:\/\/www.faiafinland.fi\/fi\/wp-json\/wp\/v2\/pages\/119\/revisions\/2969"}],"wp:attachment":[{"href":"https:\/\/www.faiafinland.fi\/fi\/wp-json\/wp\/v2\/media?parent=119"}],"curies":[{"name":"wp","href":"https:\/\/api.w.org\/{rel}","templated":true}]}}