{"id":3,"date":"2021-04-22T14:45:45","date_gmt":"2021-04-22T14:45:45","guid":{"rendered":"http:\/\/www.faiafinland.fi\/?page_id=3"},"modified":"2025-06-26T13:02:05","modified_gmt":"2025-06-26T13:02:05","slug":"privacy-policy","status":"publish","type":"page","link":"https:\/\/www.faiafinland.fi\/en\/privacy-policy\/","title":{"rendered":"Privacy Policy"},"content":{"rendered":"<h5 style=\"text-align: center;\"><span style=\"color: #003366;\">General Privacy Policy of the Finnish Association of International Affairs (FAIA ry)<\/span><\/h5>\n<h6><span style=\"color: #ffffff;\">&#8211;<\/span><\/h6>\n<h6><span style=\"color: #003366;\"><strong>1.<\/strong> Data Controller<\/span><\/h6>\n<p>Finnish Association of International Affairs (FAIA ry).<\/p>\n<h6><span style=\"color: #003366;\"><strong>2.<\/strong> Contact Person<\/span><\/h6>\n<p>Board member responsible for memberships. All inquiries and requests regarding this privacy policy must be submitted in writing to: <a href=\"\/en\/memberships@faiafinland.fi\/\">memberships@faiafinland.fi.<\/a><\/p>\n<h6><span style=\"color: #003366;\">3. Purpose and Legal Basis for Processing Personal Data<\/span><\/h6>\n<p>We collect and process only personal data necessary for carrying out our operations and maintaining member relations. Personal data is processed by the board member responsible for memberships. Other board members may also process personal data when necessary for fulfilling their duties.<\/p>\n<p>We process personal data for the following purposes:<\/p>\n<ol>\n<li>Fulfilling the association\u2019s legal obligations, including the maintenance of a membership register.<\/li>\n<li>Processing membership applications, managing memberships, and internal reporting.<\/li>\n<li>Organizing the association\u2019s events and activities and providing membership benefits\/services.<\/li>\n<li>Other purposes to which you have given your consent.<\/li>\n<\/ol>\n<h6><span style=\"color: #003366;\">4. Collection of Personal Data<\/span><\/h6>\n<p>We collect and process, for example, the following categories of personal data<\/p>\n<ol>\n<li>Membership register data.<\/li>\n<li>Information provided for participation in association events and activities, such as: Name,\nemail, and phone number.<\/li>\n<\/ol>\n<p>We collect personal data in the following ways:<\/p>\n<p style=\"padding-left: 40px;\">3. Information provided in conjunction with the payment of the membership fee (Section 4.1),\nwhich is recorded in a separate membership register. FAIA uses Holvi Payment Services Oy as\nits banking service provider, which stores data related to membership joining. By joining FAIA,\nthe person also accepts Holvi Payment Services Oy\u2019s privacy policies. FAIA ry is not\nresponsible for <a href=\"https:\/\/support.holvi.com\/hc\/en-gb\/articles\/202260402-Privacy-Policy-Personal-Data-Declaratio\" target=\"_blank\" rel=\"noopener\">Holvi\u2019s privacy policies.<\/a>.<br \/>\n4. Information provided when participating in association events or activities (Section 4.2),\ncollected for example through Google Forms registration forms.<\/p>\n<h6><span style=\"color: #003366;\">5. Transfers and Disclosures of Personal Data<\/span><\/h6>\n<p>Personal data contained in the association's membership register is not disclosed to third parties or transferred outside the EU\/EEA. FAIA stores and processes personal data in accordance with the EU General Data Protection Regulation (GDPR). The membership register is held only by the board member responsible for member recruitment, who may share data with other board members in accordance with section 3.<\/p>\n<p>The association may disclose personal data given for participation in association events and activities to FAIA\u2019s cooperation partners to enable the organization of events and activities. Only the data necessary for organizing the activity or event (e.g., name and email address) may be disclosed.<\/p>\n<h6><span style=\"color: #003366;\">6. Retention Period<\/span><\/h6>\n<p>We retain personal data as follows:<\/p>\n<ol>\n<li>J\u00e4senrekisterin sis\u00e4lt\u00e4m\u00e4t henkil\u00f6tiedot: Yhdistyksen j\u00e4senen j\u00e4sentiedot poistetaan j\u00e4senrekisterist\u00e4, kun j\u00e4sen ei en\u00e4\u00e4 ole yhdistyksen j\u00e4sen.<\/li>\n<li>Data provided for participating in the association\u2019s events and activities: Personal data provided for participating in the association\u2019s events and activities is retained for as long as necessary to carry out the event or for a period dictated by the nature of the activity thereafter.<\/li>\n<\/ol>\n<h6><span style=\"color: #003366;\">7. Rights of the Data Subject<\/span><\/h6>\n<p>Jokaisella rekister\u00f6idyll\u00e4 on tietojensa k\u00e4sittely\u00e4 koskeva:<\/p>\n<ol>\n<li><strong>Right of access:<\/strong> The right to review the personal data stored in the register. If the data is\nincorrect or incomplete, the data subject may request corrections or additions.<\/li>\n<li><strong>Right to object:<\/strong> The right to object to the processing of their personal data if they believe it has\nbeen handled unlawfully or without proper grounds.<\/li>\n<li><strong>Right to erasure:<\/strong> The right to request deletion of personal data stored in the register. This does\nnot apply to data collected by Holvi Payment Services Oy during membership registration.<\/li>\n<li><strong>Right to data portability:<\/strong> The right to transfer data from one system to another.<\/li>\n<li><strong>Right to lodge a complaint:<\/strong> The right to file a complaint with the Data Protection Ombudsman\nif the data subject believes that the data has been processed in violation of applicable data\nprotection legislation<\/li>\n<\/ol>\n<p style=\"padding-left: 40px;\">The data controller may refuse to fulfill an objection or erasure request only on legally justified grounds.<\/p>\n<h6><span style=\"color: #003366;\">8. Modifications to This Privacy Policy<\/span><\/h6>\n<p>Modifications to this policy may be made at association meetings. The current privacy policy was updated on 23.6.2025.<\/p>","protected":false},"excerpt":{"rendered":"<p>Kansainv\u00e4lisen politiikan yhdistyksen (FAIA ry) yleinen tietosuojaseloste &#8211; 1. Rekisterin pit\u00e4j\u00e4 Kansainv\u00e4lisen politiikan yhdistys. 2. Yhteyshenkil\u00f6 J\u00e4senyyksist\u00e4 vastaava hallituksen j\u00e4sen. T\u00e4t\u00e4 tietosuojaselostetta koskevat yhteydenotot ja pyynn\u00f6t tulee esitt\u00e4\u00e4 kirjallisesti osoitteeseen: memberships@faiafinland.fi. 3. Henkil\u00f6tietojen k\u00e4sittelyn tarkoitus ja oikeusperuste Ker\u00e4\u00e4mme ja k\u00e4sittelemme vain henkil\u00f6tietoja, jotka ovat tarpeen toimintamme harjoittamista ja j\u00e4sensuhteen hoitamista varten. Henkil\u00f6tietoja k\u00e4sittelee j\u00e4senyyksist\u00e4 vastaava&#8230;<\/p>","protected":false},"author":1,"featured_media":0,"parent":0,"menu_order":0,"comment_status":"closed","ping_status":"open","template":"","meta":{"_kadence_starter_templates_imported_post":false,"_kad_post_transparent":"","_kad_post_title":"","_kad_post_layout":"","_kad_post_sidebar_id":"","_kad_post_content_style":"","_kad_post_vertical_padding":"","_kad_post_feature":"","_kad_post_feature_position":"","_kad_post_header":false,"_kad_post_footer":false,"footnotes":""},"class_list":["post-3","page","type-page","status-publish","hentry"],"_links":{"self":[{"href":"https:\/\/www.faiafinland.fi\/en\/wp-json\/wp\/v2\/pages\/3","targetHints":{"allow":["GET"]}}],"collection":[{"href":"https:\/\/www.faiafinland.fi\/en\/wp-json\/wp\/v2\/pages"}],"about":[{"href":"https:\/\/www.faiafinland.fi\/en\/wp-json\/wp\/v2\/types\/page"}],"author":[{"embeddable":true,"href":"https:\/\/www.faiafinland.fi\/en\/wp-json\/wp\/v2\/users\/1"}],"replies":[{"embeddable":true,"href":"https:\/\/www.faiafinland.fi\/en\/wp-json\/wp\/v2\/comments?post=3"}],"version-history":[{"count":6,"href":"https:\/\/www.faiafinland.fi\/en\/wp-json\/wp\/v2\/pages\/3\/revisions"}],"predecessor-version":[{"id":2846,"href":"https:\/\/www.faiafinland.fi\/en\/wp-json\/wp\/v2\/pages\/3\/revisions\/2846"}],"wp:attachment":[{"href":"https:\/\/www.faiafinland.fi\/en\/wp-json\/wp\/v2\/media?parent=3"}],"curies":[{"name":"wp","href":"https:\/\/api.w.org\/{rel}","templated":true}]}}