{"id":2903,"date":"2025-11-04T16:23:27","date_gmt":"2025-11-04T16:23:27","guid":{"rendered":"https:\/\/www.faiafinland.fi\/?page_id=2903"},"modified":"2025-12-01T09:18:58","modified_gmt":"2025-12-01T09:18:58","slug":"sinustako-doktriinin-toimituskunnan-jasen","status":"publish","type":"page","link":"https:\/\/www.faiafinland.fi\/en\/doktriini\/sinustako-doktriinin-toimituskunnan-jasen\/","title":{"rendered":"Sinustako Doktriinin toimituskunnan j\u00e4sen?"},"content":{"rendered":"<p><span style=\"font-weight: 400;\">Kansainv\u00e4lisen politiikan verkkolehti Doktriini etsii toimituskuntaan 1-4 j\u00e4sent\u00e4.<\/span><\/p>\n<p><span style=\"font-weight: 400;\">Toimituskuntaan kannattaa hakea, jos\u2026<br \/><\/span><span style=\"font-weight: 400;\">\u2705sinulla on vahva kiinnostus kansainv\u00e4liseen politiikkaan<br \/><\/span><span style=\"font-weight: 400;\">\u2705osaat tai haluat oppia editoimaan tekstej\u00e4\u00a0<br \/><\/span><span style=\"font-weight: 400;\">\u2705TAI osaat tai haluat oppia lis\u00e4\u00e4 kuvittamisesta ja visuaalisesta viestinn\u00e4st\u00e4<\/span><\/p>\n<p><b>Mik\u00e4 Doktriini?<\/b><\/p>\n<p><span style=\"font-weight: 400;\">Doktriini on kansainv\u00e4lisen politiikan teemoihin keskittyv\u00e4 verkkolehti, joka on valtakunnallinen sek\u00e4 uskonnollisesti ja puoluepoliittisesti sitoutumaton. Lehte\u00e4 julkaisee Kansainv\u00e4lisen politiikan yhdistys FAIA. Jos lehtemme ei ole ennest\u00e4\u00e4n tuttu, voit lukea lis\u00e4\u00e4 meist\u00e4 t\u00e4\u00e4lt\u00e4:<\/span><a href=\"https:\/\/www.faiafinland.fi\/fi\/mika-doktriini\/\"><span style=\"font-weight: 400;\"> https:\/\/www.faiafinland.fi\/fi\/mika-doktriini\/<\/span><\/a><\/p>\n<p><b>Mit\u00e4 toimituskunta tekee?<\/b><\/p>\n<p><span style=\"font-weight: 400;\">Toimituskunnan j\u00e4senet toimivat p\u00e4\u00e4toimittajan rinnalla Doktriinin toimituksessa ja tekev\u00e4t osaltaan samoja asioita kuin p\u00e4\u00e4toimittaja. Toimituskunnan j\u00e4senet voivat muun muassa editoida tekstej\u00e4, kuvittaa juttuja ja p\u00e4ivitt\u00e4\u00e4 Doktriinin sosiaalista mediaa. Toimituskunnan j\u00e4senet voivat hyvin kirjoittaa omia juttujaan lehteen muun ohessa.<\/span><\/p>\n<p><span style=\"font-weight: 400;\">Teht\u00e4v\u00e4t toimituskunnassa sopivat erinomaisesti kansainv\u00e4lisest\u00e4 politiikasta ja journalismista kiinnostuneelle korkeakouluopiskelijalle tai nuorelle.<\/span><\/p>\n<p><span style=\"font-weight: 400;\">Doktriini on turvallinen paikka kehitt\u00e4\u00e4 omaa ammattitaitoa. Lehdess\u00e4 hankittu kokemus antaa hyvi\u00e4 n\u00e4ytt\u00f6j\u00e4 esimerkiksi ty\u00f6nhakuun. Doktriinissa hommia tehd\u00e4\u00e4n tiimiss\u00e4 ja hyv\u00e4ss\u00e4 hengess\u00e4. Roolit toimituskunnassa muotoutuvat toimituskuntalaisten omien mielenkiinnonkohteiden ja osaamisen mukaan. Koska lehti toimii vapaaehtoisvoimin, pestit joustavat tarpeen mukaan erilaisiin el\u00e4m\u00e4ntilanteisiin.<\/span><\/p>\n<p><b>Miten voin hakea?<\/b><\/p>\n<p><span style=\"font-weight: 400;\">Hakulomake vuoden 2026 toimituskuntaan on auki nyt!\u00a0 Linkki hakulomakkeeseen: <\/span><a href=\"https:\/\/forms.gle\/VzYrYimNris7dgzu5\" target=\"_blank\" rel=\"noopener\"><span style=\"font-weight: 400;\">https:\/\/forms.gle\/VzYrYimNris7dgzu5<\/span><\/a><span style=\"font-weight: 400;\">\u00a0<\/span><\/p>\n<p><span style=\"font-weight: 400;\">Lomakkeella kysyt\u00e4\u00e4n muun muassa hakijan motivaatiota sek\u00e4 sit\u00e4, mink\u00e4laiset teht\u00e4v\u00e4t toimituskunnassa kiinnostaisivat sinua eniten. Aikaisempi kokemus journalismista tai visuaalisesta puolesta ei ole v\u00e4ltt\u00e4m\u00e4t\u00f6nt\u00e4, vaan t\u00e4rkeint\u00e4 on halu oppia uutta. Tarkemmista teht\u00e4v\u00e4nkuvista sovitaan tammikuussa 2026, kun toimituskuntaa muodostetaan.<\/span><\/p>\n<p><span style=\"font-weight: 400;\">Toimituskunnan j\u00e4seneksi voivat hakea FAIA:n j\u00e4senet. Jos et ole viel\u00e4 j\u00e4sen, liitty\u00e4 voi helposti osoitteesta <\/span><a href=\"https:\/\/www.faiafinland.fi\/fi\/liity-jaseneksi\/\"><span style=\"font-weight: 400;\">https:\/\/www.faiafinland.fi\/fi\/liity-jaseneksi\/<\/span><\/a><span style=\"font-weight: 400;\">\u00a0<\/span><\/p>\n<p><b>Miten hakuprosessi etenee?<\/b><\/p>\n<p><span style=\"font-weight: 400;\">Hakulomake sulkeutuu 9.1.2026 klo 23.59. Doktriinin uusi p\u00e4\u00e4toimittaja k\u00e4y l\u00e4pi lomakkeen vastaukset ja ottaa heihin yhteytt\u00e4 tammikuun 2026 aikana. Kaikki hakijat saavat tiet\u00e4\u00e4 valinnastaan tammikuun 2026 aikana. My\u00f6s heille, jotka eiv\u00e4t tulleet valituksi, tiedotetaan asiasta.\u00a0<\/span><\/p>\n<p><span style=\"font-weight: 400;\">Tavoitteena on, ett\u00e4 tammikuun 2026 loppupuolella tai viimeist\u00e4\u00e4n helmikuun 2026 alussa uusi toimituskunta on valittu ja lehti voi aloittaa toimintansa.\u00a0<\/span><\/p>\n<p><span style=\"font-weight: 400;\">Mahdollisista muutoksista hakuprosessiin tai aikatauluihin tiedotetaan erikseen.<\/span><\/p>\n<p><b>Saavatko toimituskunnan j\u00e4senet palkkiota?<\/b><\/p>\n<p><span style=\"font-weight: 400;\">Doktriini-lehti toimii vapaaehtoisvoimin, mink\u00e4 vuoksi p\u00e4\u00e4toimittajalle tai toimituskunnan j\u00e4senille ei ole mahdollisuutta maksaa palkkiota.<\/span><\/p>\n<p><b>J\u00e4ik\u00f6 jokin mietitytt\u00e4m\u00e4\u00e4n?<\/b><\/p>\n<p><span style=\"font-weight: 400;\">Mik\u00e4li sinulla her\u00e4si mit\u00e4 tahansa kysytt\u00e4v\u00e4\u00e4 toimituskuntahausta, voit olla meihin yhteydess\u00e4 s\u00e4hk\u00f6postitse doktriini [at]<\/span> <a href=\"http:\/\/gmail.com\" target=\"_blank\" rel=\"noopener\"><span style=\"font-weight: 400;\">gmail.com<\/span><\/a><span style=\"font-weight: 400;\">. Huomioithan, ett\u00e4 olemme lomalla joulukuun puoliv\u00e4list\u00e4 tammikuun alkupuolelle, emmek\u00e4 lue t\u00e4ll\u00e4 aikav\u00e4lill\u00e4 s\u00e4hk\u00f6posteja.<\/span><\/p>\n<p>\u00a0<\/p>\n<p><span style=\"font-weight: 400;\">Innolla hakemuksia odottaen,<br \/><\/span><span style=\"font-weight: 400;\">Mira Kokko<br \/><\/span><span style=\"font-weight: 400;\">Doktriinin p\u00e4\u00e4toimittaja 2026<\/span><\/p>\n<p><span style=\"font-weight: 400;\">sek\u00e4 kuluneesta vuodesta kiitt\u00e4en,<br \/><\/span><span style=\"font-weight: 400;\">Doktriinin toimitus 2025<\/span><\/p>\n\n\n<p><\/p>\n","protected":false},"excerpt":{"rendered":"<p>Kansainv\u00e4lisen politiikan verkkolehti Doktriini etsii toimituskuntaan 1-4 j\u00e4sent\u00e4. Toimituskuntaan kannattaa hakea, jos\u2026\u2705sinulla on vahva kiinnostus kansainv\u00e4liseen politiikkaan\u2705osaat tai haluat oppia editoimaan tekstej\u00e4\u00a0\u2705TAI osaat tai haluat oppia lis\u00e4\u00e4 kuvittamisesta ja visuaalisesta viestinn\u00e4st\u00e4 Mik\u00e4 Doktriini? Doktriini on kansainv\u00e4lisen politiikan teemoihin keskittyv\u00e4 verkkolehti, joka on valtakunnallinen sek\u00e4 uskonnollisesti ja puoluepoliittisesti sitoutumaton. Lehte\u00e4 julkaisee Kansainv\u00e4lisen politiikan yhdistys FAIA. Jos&#8230;<\/p>","protected":false},"author":1,"featured_media":0,"parent":1800,"menu_order":1,"comment_status":"closed","ping_status":"closed","template":"","meta":{"_kadence_starter_templates_imported_post":false,"_kad_post_transparent":"default","_kad_post_title":"default","_kad_post_layout":"default","_kad_post_sidebar_id":"","_kad_post_content_style":"default","_kad_post_vertical_padding":"default","_kad_post_feature":"","_kad_post_feature_position":"","_kad_post_header":false,"_kad_post_footer":false,"footnotes":""},"class_list":["post-2903","page","type-page","status-publish","hentry"],"_links":{"self":[{"href":"https:\/\/www.faiafinland.fi\/en\/wp-json\/wp\/v2\/pages\/2903","targetHints":{"allow":["GET"]}}],"collection":[{"href":"https:\/\/www.faiafinland.fi\/en\/wp-json\/wp\/v2\/pages"}],"about":[{"href":"https:\/\/www.faiafinland.fi\/en\/wp-json\/wp\/v2\/types\/page"}],"author":[{"embeddable":true,"href":"https:\/\/www.faiafinland.fi\/en\/wp-json\/wp\/v2\/users\/1"}],"replies":[{"embeddable":true,"href":"https:\/\/www.faiafinland.fi\/en\/wp-json\/wp\/v2\/comments?post=2903"}],"version-history":[{"count":4,"href":"https:\/\/www.faiafinland.fi\/en\/wp-json\/wp\/v2\/pages\/2903\/revisions"}],"predecessor-version":[{"id":2925,"href":"https:\/\/www.faiafinland.fi\/en\/wp-json\/wp\/v2\/pages\/2903\/revisions\/2925"}],"up":[{"embeddable":true,"href":"https:\/\/www.faiafinland.fi\/en\/wp-json\/wp\/v2\/pages\/1800"}],"wp:attachment":[{"href":"https:\/\/www.faiafinland.fi\/en\/wp-json\/wp\/v2\/media?parent=2903"}],"curies":[{"name":"wp","href":"https:\/\/api.w.org\/{rel}","templated":true}]}}