{"id":21,"date":"2021-09-11T11:12:10","date_gmt":"2021-09-11T11:12:10","guid":{"rendered":"http:\/\/www.faiafinland.fi\/?page_id=21"},"modified":"2025-02-06T13:47:24","modified_gmt":"2025-02-06T13:47:24","slug":"kansainvalisen-politiikan-yhdistys","status":"publish","type":"page","link":"http:\/\/www.faiafinland.fi\/fi\/","title":{"rendered":"Kansainv\u00e4lisen politiikan yhdistys"},"content":{"rendered":"\n\n\n<p class=\"has-text-align-left\">Tervetuloa Kansainv\u00e4lisen politiikan yhdistyksen FAIAn kotisivuille. FAIA on elokuussa 2016 perustettu valtakunnallinen poliittisesti ja uskonnollisesti sitoutumaton nuoriso- ja opiskelijaj\u00e4rjest\u00f6, joka edist\u00e4\u00e4 laadukasta keskustelua ja tiedonv\u00e4lityst\u00e4 kansainv\u00e4lisiin suhteisiin liittyvist\u00e4 aiheista ja kannustaa nuoria vaikuttamaan ja osallistumaan aktiivisesti julkiseen keskusteluun.<\/p>\n\n\n\n<p>Yhdistyksen toimintaan ovat l\u00e4mpim\u00e4sti tervetulleita kaikki kansainv\u00e4lisen politiikan teemoista kiinnostuneet. Toimintamme ytimess\u00e4 ovat erilaiset kansainv\u00e4liseen politiikkaan ja ty\u00f6el\u00e4m\u00e4\u00e4n liittyv\u00e4t tapahtumat, keskustelutilaisuudet ja paneelikeskustelut, joihin voivat osallistua kaikki j\u00e4senemme. Toimintaan voi osallistua juuri niin aktiivisesti kuin itse haluaa. Hallituksen kokouksia voi vapaasti tulla seuraamaan ja tutustumaan toimintaan paremmin. Tiedotamme kokouksista ja tapahtumistamme s\u00e4hk\u00f6postilistallamme ja sosiaalisessa mediassa.<\/p>\n\n\n\n<p class=\"has-text-align-left\">Yhdistyksell\u00e4 on aktiiveja ymp\u00e4ri Suomea, ja esittelemme toimintaamme aktiivisesti esimerkiksi syksyisin yliopistojen fuksitapahtumissa. Liity mukaan ja p\u00e4\u00e4set oppimaan, vaikuttamaan ja tutustumaan uusiin ihmisiin!<\/p>\n\n\n\n<p><\/p>\n","protected":false},"excerpt":{"rendered":"<p>Tervetuloa Kansainv\u00e4lisen politiikan yhdistyksen FAIAn kotisivuille. FAIA on elokuussa 2016 perustettu valtakunnallinen poliittisesti ja uskonnollisesti sitoutumaton nuoriso- ja opiskelijaj\u00e4rjest\u00f6, joka edist\u00e4\u00e4 laadukasta keskustelua ja tiedonv\u00e4lityst\u00e4 kansainv\u00e4lisiin suhteisiin liittyvist\u00e4 aiheista ja kannustaa nuoria vaikuttamaan ja osallistumaan aktiivisesti julkiseen keskusteluun. Yhdistyksen toimintaan ovat l\u00e4mpim\u00e4sti tervetulleita kaikki kansainv\u00e4lisen politiikan teemoista kiinnostuneet. Toimintamme ytimess\u00e4 ovat erilaiset kansainv\u00e4liseen politiikkaan ja&#8230;<\/p>\n","protected":false},"author":1,"featured_media":0,"parent":0,"menu_order":0,"comment_status":"closed","ping_status":"closed","template":"","meta":{"_kadence_starter_templates_imported_post":false,"_kad_post_transparent":"","_kad_post_title":"","_kad_post_layout":"","_kad_post_sidebar_id":"","_kad_post_content_style":"","_kad_post_vertical_padding":"","_kad_post_feature":"","_kad_post_feature_position":"","_kad_post_header":false,"_kad_post_footer":false,"footnotes":""},"class_list":["post-21","page","type-page","status-publish","hentry"],"_links":{"self":[{"href":"http:\/\/www.faiafinland.fi\/fi\/wp-json\/wp\/v2\/pages\/21","targetHints":{"allow":["GET"]}}],"collection":[{"href":"http:\/\/www.faiafinland.fi\/fi\/wp-json\/wp\/v2\/pages"}],"about":[{"href":"http:\/\/www.faiafinland.fi\/fi\/wp-json\/wp\/v2\/types\/page"}],"author":[{"embeddable":true,"href":"http:\/\/www.faiafinland.fi\/fi\/wp-json\/wp\/v2\/users\/1"}],"replies":[{"embeddable":true,"href":"http:\/\/www.faiafinland.fi\/fi\/wp-json\/wp\/v2\/comments?post=21"}],"version-history":[{"count":15,"href":"http:\/\/www.faiafinland.fi\/fi\/wp-json\/wp\/v2\/pages\/21\/revisions"}],"predecessor-version":[{"id":2687,"href":"http:\/\/www.faiafinland.fi\/fi\/wp-json\/wp\/v2\/pages\/21\/revisions\/2687"}],"wp:attachment":[{"href":"http:\/\/www.faiafinland.fi\/fi\/wp-json\/wp\/v2\/media?parent=21"}],"curies":[{"name":"wp","href":"https:\/\/api.w.org\/{rel}","templated":true}]}}